{"id":7,"date":"2018-05-15T09:00:24","date_gmt":"2018-05-15T12:00:24","guid":{"rendered":"http:\/\/www.alexsantos.com.br\/blog\/?page_id=2"},"modified":"2018-05-15T09:00:24","modified_gmt":"2018-05-15T12:00:24","slug":"pagina-exemplo-2","status":"publish","type":"page","link":"https:\/\/alexsantos.com.br\/blog\/pagina-exemplo-2\/","title":{"rendered":"Autor"},"content":{"rendered":"<p><img loading=\"lazy\" decoding=\"async\" class=\"alignnone size-full wp-image-37\" src=\"http:\/\/alexsantos.com.br\/blog\/wp-content\/uploads\/2018\/05\/Cineasta-Alex-Santos-1.jpg\" alt=\"\" width=\"1280\" height=\"720\" srcset=\"https:\/\/alexsantos.com.br\/blog\/wp-content\/uploads\/2018\/05\/Cineasta-Alex-Santos-1.jpg 1280w, https:\/\/alexsantos.com.br\/blog\/wp-content\/uploads\/2018\/05\/Cineasta-Alex-Santos-1-300x169.jpg 300w, https:\/\/alexsantos.com.br\/blog\/wp-content\/uploads\/2018\/05\/Cineasta-Alex-Santos-1-1024x576.jpg 1024w, https:\/\/alexsantos.com.br\/blog\/wp-content\/uploads\/2018\/05\/Cineasta-Alex-Santos-1-768x432.jpg 768w\" sizes=\"auto, (max-width: 1280px) 100vw, 1280px\" \/><\/p>\n<p style=\"text-align: justify;\"><strong>Alex Santos<\/strong> \u00e9 Advogado, jornalista, professor, escritor e cineasta. Membro da Academia Paraibana de Cinema. Assessor de Comunica\u00e7\u00e3o do CCEN\/UFPB. Mestre em Comunica\u00e7\u00e3o Social pela Universidade de Bras\u00edlia &#8211; DF. Professor de Cinema e Televis\u00e3o.<\/p>\n<p style=\"text-align: justify;\">Autor dos livros: Cinema e Revisionismo; Walfredo Rodriguez e a Cultura Paraibana; Cinema e Televis\u00e3o: Uma rela\u00e7\u00e3o antropof\u00e1gica; A presen\u00e7a italiana na Para\u00edba &#8211; Um ensaio fotogr\u00e1fico.<\/p>\n<p style=\"text-align: justify;\">Colunista de cinema do jornal A Uni\u00e3o.<\/p>\n<p style=\"text-align: justify;\">Realizador de v\u00e1rios document\u00e1rios de curtas-metragens em cinema e v\u00eddeo: Arriba\u00e7\u00e3o; Os pescadores do Sanhau\u00e1; O Ciclo da Mandioca na Para\u00edba; Misticismo, Folguedos e Tradi\u00e7\u00f5es; Sherazade Para\u00edba; Africanos; Cinema Inacabado; O Roman\u00e7o do Dinossauro; <em>Remake<\/em> &#8211; A hist\u00f3ria de um rein\u00edcio; <em>Sansaru\u00e8 Scenographic City<\/em>; Uma vez um garoto&#8230;; Elipse; A Ninhada.<\/p>\n<p style=\"text-align: justify;\">Pr\u00eamio SUDENE-Melhor Filme de Tem\u00e1tica Nordestina para O Coqueiro (1977), no Festival de Cinema Brasileiro do Recife. Pr\u00eamio Especial do J\u00fari do Festival de Bras\u00edlia do Cinema Brasileiro com o document\u00e1rio Parahyba (o filme), ainda, de Melhor Roteiro, Fotografia e Tem\u00e1tica Nordestina nos Festivais de Cinema de Fortaleza e de S\u00e3o Luiz do Maranh\u00e3o, em 1986, tamb\u00e9m para o document\u00e1rio Parahyba; Pr\u00eamios APC em 2010 e 2016 pela Dire\u00e7\u00e3o dos m\u00e9dias-metragens de fic\u00e7\u00e3o: \u201cAntomarchi\u201d e \u201cAm\u00e9rico \u2013 Falc\u00e3o Peregrino\u201d.<\/p>\n<p style=\"text-align: justify;\">Provedor dos sites: <a href=\"http:\/\/www.alexsantos.com.br\">www.alexsantos.com.br<\/a> e <a href=\"http:\/\/www.asprod.com.br\">www.asprod.com.br<\/a>.<\/p>\n","protected":false},"excerpt":{"rendered":"<p>Alex Santos \u00e9 Advogado, jornalista, professor, escritor e cineasta. Membro da Academia Paraibana de Cinema. Assessor de Comunica\u00e7\u00e3o do CCEN\/UFPB. Mestre em Comunica\u00e7\u00e3o Social pela&#8230;<\/p>\n","protected":false},"author":1,"featured_media":0,"parent":0,"menu_order":0,"comment_status":"closed","ping_status":"open","template":"","meta":{"slim_seo":{"title":"Autor - Coisas de Cinema","description":"Alex Santos \u00e9 Advogado, jornalista, professor, escritor e cineasta. Membro da Academia Paraibana de Cinema. Assessor de Comunica\u00e7\u00e3o do CCEN\/UFPB. Mestre em Comu"},"footnotes":""},"class_list":["post-7","page","type-page","status-publish","hentry"],"jetpack_sharing_enabled":true,"_links":{"self":[{"href":"https:\/\/alexsantos.com.br\/blog\/wp-json\/wp\/v2\/pages\/7","targetHints":{"allow":["GET"]}}],"collection":[{"href":"https:\/\/alexsantos.com.br\/blog\/wp-json\/wp\/v2\/pages"}],"about":[{"href":"https:\/\/alexsantos.com.br\/blog\/wp-json\/wp\/v2\/types\/page"}],"author":[{"embeddable":true,"href":"https:\/\/alexsantos.com.br\/blog\/wp-json\/wp\/v2\/users\/1"}],"replies":[{"embeddable":true,"href":"https:\/\/alexsantos.com.br\/blog\/wp-json\/wp\/v2\/comments?post=7"}],"version-history":[{"count":0,"href":"https:\/\/alexsantos.com.br\/blog\/wp-json\/wp\/v2\/pages\/7\/revisions"}],"wp:attachment":[{"href":"https:\/\/alexsantos.com.br\/blog\/wp-json\/wp\/v2\/media?parent=7"}],"curies":[{"name":"wp","href":"https:\/\/api.w.org\/{rel}","templated":true}]}}